{"id":2080,"date":"2020-06-07T11:18:15","date_gmt":"2020-06-07T09:18:15","guid":{"rendered":"https:\/\/adams-marketing.com\/_kunden\/remondis\/?page_id=2080"},"modified":"2024-01-15T15:40:11","modified_gmt":"2024-01-15T14:40:11","slug":"schaden-melden","status":"publish","type":"page","link":"https:\/\/adams-marketing.com\/_kunden\/remondis\/","title":{"rendered":"Schaden melden"},"content":{"rendered":"<div class=\"wpb-content-wrapper\"><p>[vc_row bg_parallax=&#8220;off&#8220; css=&#8220;.vc_custom_1591691598414{margin-top: 0px !important;padding-top: px !important;}&#8220;][vc_column width=&#8220;2\/3&#8243;][vc_column_text]1. Schaden-Daten, soweit vorhanden, unten eingeben und absenden.<\/p>\n<p>2. Umgehend meldet sich ein pers\u00f6nlicher Ansprechpartner f\u00fcr Remondis von der IfKS, unserem Partner f\u00fcr Profi-Gutachten, zur Absprache des Vorgehens.<\/p>\n<p>3. Die IfKS k\u00fcmmert sich um das Gutachten und auf Wunsch auch um die Reparatur-Organisation. Zudem ist die IfKS in engem Kontakt mit unseren (regionalen) Versicherungsabteilungen.<\/p>\n<p>&nbsp;<\/p>\n<p><em>Alternative Kontaktaufnahme: <span style=\"color: #ff0000;\">0821-999 69 333<\/span> oder<span style=\"color: #ff0000;\"> <a style=\"color: #ff0000;\" href=\"mailto:info@ifks-group.de\" target=\"_blank\" rel=\"noopener\">info@ifks-group.de<\/a><\/span><\/em><\/p>\n<p>&nbsp;<\/p>\n<p>Die IfKS-Profi-Gutachter sind auf die Begutachtung von Nutzfahrzeugen spezialisiert und stehen uns vollumf\u00e4nglich f\u00fcr s\u00e4mtliche Schadensarten (Unfallschaden, Motorschaden etc.) mit Rat und Tat zur Seite.<\/p>\n<p><em>Unsere pers\u00f6nlichen Ansprechpartner bei der IfKS : Frau Paulus, Herr Moll und Herr Hessel.<\/em>[\/vc_column_text][\/vc_column][vc_column width=&#8220;1\/3&#8243;][\/vc_column][\/vc_row][vc_row bg_parallax=&#8220;off&#8220; css=&#8220;.vc_custom_1414955189376{margin-bottom: 0px !important;padding-bottom: 0px !important;}&#8220;][vc_column css=&#8220;.vc_custom_1416391600996{padding-top: 60px !important;}&#8220;]\n<div class=\"wpcf7 no-js\" id=\"wpcf7-f2404-o1\" lang=\"en-US\" dir=\"ltr\" data-wpcf7-id=\"2404\">\n<div class=\"screen-reader-response\"><p role=\"status\" aria-live=\"polite\" aria-atomic=\"true\"><\/p> <ul><\/ul><\/div>\n<form action=\"\/_kunden\/remondis\/wp-json\/wp\/v2\/pages\/2080#wpcf7-f2404-o1\" method=\"post\" class=\"wpcf7-form init\" aria-label=\"Contact form\" novalidate=\"novalidate\" data-status=\"init\">\n<fieldset class=\"hidden-fields-container\"><input type=\"hidden\" name=\"_wpcf7\" value=\"2404\" \/><input type=\"hidden\" name=\"_wpcf7_version\" value=\"6.1.5\" \/><input type=\"hidden\" name=\"_wpcf7_locale\" value=\"en_US\" \/><input type=\"hidden\" name=\"_wpcf7_unit_tag\" value=\"wpcf7-f2404-o1\" \/><input type=\"hidden\" name=\"_wpcf7_container_post\" value=\"0\" \/><input type=\"hidden\" name=\"_wpcf7_posted_data_hash\" value=\"\" \/>\n<\/fieldset>\n<p class=\"ozy-half-input\"><span class=\"wpcf7-form-control-wrap\" data-name=\"your-email\"><input size=\"40\" maxlength=\"400\" class=\"wpcf7-form-control wpcf7-email wpcf7-validates-as-required wpcf7-text wpcf7-validates-as-email\" aria-required=\"true\" aria-invalid=\"false\" placeholder=\"E-Mail Absender (erforderlich)\" value=\"\" type=\"email\" name=\"your-email\" \/><\/span>\n<\/p>\n<p class=\"ozy-half-input\"><span class=\"wpcf7-form-control-wrap\" data-name=\"text-name\"><input size=\"40\" maxlength=\"400\" class=\"wpcf7-form-control wpcf7-text\" aria-invalid=\"false\" placeholder=\"Ansprechpartner (Betrieb\/Termin)\" value=\"\" type=\"text\" name=\"text-name\" \/><\/span>\n<\/p>\n<p class=\"ozy-half-input\"><span class=\"wpcf7-form-control-wrap\" data-name=\"tel-204\"><input size=\"40\" maxlength=\"400\" class=\"wpcf7-form-control wpcf7-tel wpcf7-validates-as-required wpcf7-text wpcf7-validates-as-tel\" aria-required=\"true\" aria-invalid=\"false\" placeholder=\"Telefon (erforderlich)\" value=\"\" type=\"tel\" name=\"tel-204\" \/><\/span>\n<\/p>\n<p class=\"ozy-half-input\"><span class=\"wpcf7-form-control-wrap\" data-name=\"email-AP\"><input size=\"40\" maxlength=\"400\" class=\"wpcf7-form-control wpcf7-email wpcf7-text wpcf7-validates-as-email\" aria-invalid=\"false\" placeholder=\"E-Mail Ansprechpartner Betrieb (wenn nicht Absender)\" value=\"\" type=\"email\" name=\"email-AP\" \/><\/span>\n<\/p>\n<p class=\"ozy-half-input\"><span class=\"wpcf7-form-control-wrap\" data-name=\"SA-Nr\"><input size=\"40\" maxlength=\"400\" class=\"wpcf7-form-control wpcf7-text\" aria-invalid=\"false\" placeholder=\"Interne Schaden-Nr.\" value=\"\" type=\"text\" name=\"SA-Nr\" \/><\/span>\n<\/p>\n<p class=\"ozy-half-input\"><span class=\"wpcf7-form-control-wrap\" data-name=\"text-kennzeichen\"><input size=\"40\" maxlength=\"400\" class=\"wpcf7-form-control wpcf7-text\" aria-invalid=\"false\" placeholder=\"Kennzeichen\" value=\"\" type=\"text\" name=\"text-kennzeichen\" \/><\/span>\n<\/p>\n<p class=\"ozy-half-input\"><span class=\"wpcf7-form-control-wrap\" data-name=\"text-preis\"><input size=\"40\" maxlength=\"400\" class=\"wpcf7-form-control wpcf7-text\" aria-invalid=\"false\" placeholder=\"Neupreis (z.B. 110.000 \u20ac FG, 75.000 \u20ac Aufbau)\" value=\"\" type=\"text\" name=\"text-preis\" \/><\/span>\n<\/p>\n<p class=\"ozy-half-input\">Leasing-Fahrzeug?\n<\/p>\n<p class=\"ozy-half-input\"><span class=\"wpcf7-form-control-wrap\" data-name=\"checkbox-Leasing\"><span class=\"wpcf7-form-control wpcf7-checkbox wpcf7-validates-as-required wpcf7-exclusive-checkbox\"><span class=\"wpcf7-list-item first\"><label><span class=\"wpcf7-list-item-label\">Ja<\/span><input type=\"checkbox\" name=\"checkbox-Leasing\" value=\"Ja\" \/><\/label><\/span><span class=\"wpcf7-list-item\"><label><span class=\"wpcf7-list-item-label\">Nein<\/span><input type=\"checkbox\" name=\"checkbox-Leasing\" value=\"Nein\" \/><\/label><\/span><span class=\"wpcf7-list-item last\"><label><span class=\"wpcf7-list-item-label\">Unbekannt<\/span><input type=\"checkbox\" name=\"checkbox-Leasing\" value=\"Unbekannt\" \/><\/label><\/span><\/span><\/span>\n<\/p>\n<p class=\"ozy-half-input\">Kasko-versichert?\n<\/p>\n<p class=\"ozy-half-input\"><span class=\"wpcf7-form-control-wrap\" data-name=\"checkbox-kasko\"><span class=\"wpcf7-form-control wpcf7-checkbox wpcf7-validates-as-required wpcf7-exclusive-checkbox\"><span class=\"wpcf7-list-item first\"><label><span class=\"wpcf7-list-item-label\">Ja<\/span><input type=\"checkbox\" name=\"checkbox-kasko\" value=\"Ja\" \/><\/label><\/span><span class=\"wpcf7-list-item\"><label><span class=\"wpcf7-list-item-label\">Nein<\/span><input type=\"checkbox\" name=\"checkbox-kasko\" value=\"Nein\" \/><\/label><\/span><span class=\"wpcf7-list-item last\"><label><span class=\"wpcf7-list-item-label\">Unbekannt<\/span><input type=\"checkbox\" name=\"checkbox-kasko\" value=\"Unbekannt\" \/><\/label><\/span><\/span><\/span>\n<\/p>\n<p class=\"ozy-half-input\">Reparatur in Fremdwerkstatt?\n<\/p>\n<p class=\"ozy-half-input\"><span class=\"wpcf7-form-control-wrap\" data-name=\"checkbox-Fremdrep\"><span class=\"wpcf7-form-control wpcf7-checkbox wpcf7-validates-as-required wpcf7-exclusive-checkbox\"><span class=\"wpcf7-list-item first\"><label><span class=\"wpcf7-list-item-label\">Ja<\/span><input type=\"checkbox\" name=\"checkbox-Fremdrep\" value=\"Ja\" \/><\/label><\/span><span class=\"wpcf7-list-item\"><label><span class=\"wpcf7-list-item-label\">Nein<\/span><input type=\"checkbox\" name=\"checkbox-Fremdrep\" value=\"Nein\" \/><\/label><\/span><span class=\"wpcf7-list-item last\"><label><span class=\"wpcf7-list-item-label\">Unbekannt<\/span><input type=\"checkbox\" name=\"checkbox-Fremdrep\" value=\"Unbekannt\" \/><\/label><\/span><\/span><\/span>\n<\/p>\n<p class=\"ozy-half-input\">Reparierte Vorsch\u00e4den?\n<\/p>\n<p class=\"ozy-half-input\"><span class=\"wpcf7-form-control-wrap\" data-name=\"checkbox-Vorschaden\"><span class=\"wpcf7-form-control wpcf7-checkbox wpcf7-exclusive-checkbox\"><span class=\"wpcf7-list-item first\"><label><input type=\"checkbox\" name=\"checkbox-Vorschaden\" value=\"Keine vorhanden\" \/><span class=\"wpcf7-list-item-label\">Keine vorhanden<\/span><\/label><\/span><span class=\"wpcf7-list-item last\"><label><input type=\"checkbox\" name=\"checkbox-Vorschaden\" value=\"Unbekannt\" \/><span class=\"wpcf7-list-item-label\">Unbekannt<\/span><\/label><\/span><\/span><\/span>\n<\/p>\n<p class=\"ozy-half-input\"><span class=\"wpcf7-form-control-wrap\" data-name=\"your-text1\"><textarea cols=\"40\" rows=\"10\" maxlength=\"2000\" class=\"wpcf7-form-control wpcf7-textarea\" aria-invalid=\"false\" placeholder=\"(Bekannte reparierte Unfallsch\u00e4den hier eintragen)\" name=\"your-text1\"><\/textarea><\/span>\n<\/p>\n<p class=\"ozy-half-input\">\n<\/p>\n<p class=\"ozy-half-input\">Haftung:\n<\/p>\n<p class=\"ozy-half-input\"><span class=\"wpcf7-form-control-wrap\" data-name=\"checkbox-HaftungNew\"><span class=\"wpcf7-form-control wpcf7-checkbox wpcf7-exclusive-checkbox\"><span class=\"wpcf7-list-item first\"><label><input type=\"checkbox\" name=\"checkbox-HaftungNew\" value=\"100% Unfallgegner\" \/><span class=\"wpcf7-list-item-label\">100% Unfallgegner<\/span><\/label><\/span><span class=\"wpcf7-list-item\"><label><input type=\"checkbox\" name=\"checkbox-HaftungNew\" value=\"Teilschuld\" \/><span class=\"wpcf7-list-item-label\">Teilschuld<\/span><\/label><\/span><span class=\"wpcf7-list-item\"><label><input type=\"checkbox\" name=\"checkbox-HaftungNew\" value=\"Unbekannt\" \/><span class=\"wpcf7-list-item-label\">Unbekannt<\/span><\/label><\/span><span class=\"wpcf7-list-item last\"><label><input type=\"checkbox\" name=\"checkbox-HaftungNew\" value=\"Unbekannt, bitte pr\u00fcfen\" \/><span class=\"wpcf7-list-item-label\">Unbekannt, bitte pr\u00fcfen<\/span><\/label><\/span><\/span><\/span>\n<\/p>\n<p class=\"ozy-half-input\">Wunschtermin f\u00fcr Besichtigung:\n<\/p>\n<p class=\"ozy-half-input\"><span class=\"wpcf7-form-control-wrap\" data-name=\"date-968\"><input class=\"wpcf7-form-control wpcf7-date wpcf7-validates-as-date\" aria-invalid=\"false\" value=\"Datum\" type=\"date\" name=\"date-968\" \/><\/span>\n<\/p>\n<p class=\"ozy-half-input\"><span class=\"wpcf7-form-control-wrap\" data-name=\"text-time\"><input size=\"40\" maxlength=\"400\" class=\"wpcf7-form-control wpcf7-text\" aria-invalid=\"false\" placeholder=\"Uhrzeit von bis\" value=\"\" type=\"text\" name=\"text-time\" \/><\/span>\n<\/p>\n<p class=\"ozy-half-input\"><span class=\"wpcf7-form-control-wrap\" data-name=\"text-place\"><input size=\"40\" maxlength=\"400\" class=\"wpcf7-form-control wpcf7-text\" aria-invalid=\"false\" placeholder=\"Standort\" value=\"\" type=\"text\" name=\"text-place\" \/><\/span>\n<\/p>\n<p><span class=\"wpcf7-form-control-wrap\" data-name=\"your-text\"><textarea cols=\"40\" rows=\"10\" maxlength=\"2000\" class=\"wpcf7-form-control wpcf7-textarea\" aria-invalid=\"false\" placeholder=\"Sonstige Anmerkungen an uns\" name=\"your-text\"><\/textarea><\/span>\n<\/p>\n<p class=\"b2g-custom-padder\">Hier k\u00f6nnen Sie Dateien und Bilder hochladen (max. 8 MB pro Datei)\n<\/p>\n<ul class=\"b2g-custom-list\">\n\t<li>\n\t\t<p>Bitte angef\u00fcgte Dateien abhaken, f\u00fcr Ihre Best\u00e4tigungs-E-Mail.\n\t\t<\/p>\n\t<\/li>\n<\/ul>\n<p><span class=\"wpcf7-form-control-wrap\" data-name=\"cbox_Anlagen\"><span class=\"wpcf7-form-control wpcf7-checkbox\"><span class=\"wpcf7-list-item first\"><label><input type=\"checkbox\" name=\"cbox_Anlagen[]\" value=\"Zulassungsbescheinigung Teil1\" \/><span class=\"wpcf7-list-item-label\">Zulassungsbescheinigung Teil1<\/span><\/label><\/span><span class=\"wpcf7-list-item\"><label><input type=\"checkbox\" name=\"cbox_Anlagen[]\" value=\"Schadenfotos\" \/><span class=\"wpcf7-list-item-label\">Schadenfotos<\/span><\/label><\/span><span class=\"wpcf7-list-item\"><label><input type=\"checkbox\" name=\"cbox_Anlagen[]\" value=\"Unfallbilder\" \/><span class=\"wpcf7-list-item-label\">Unfallbilder<\/span><\/label><\/span><span class=\"wpcf7-list-item\"><label><input type=\"checkbox\" name=\"cbox_Anlagen[]\" value=\"Unfallbogen\" \/><span class=\"wpcf7-list-item-label\">Unfallbogen<\/span><\/label><\/span><span class=\"wpcf7-list-item\"><label><input type=\"checkbox\" name=\"cbox_Anlagen[]\" value=\"Reparatur-Historie (nur bei Gro\u00dfsch\u00e4den)\" \/><span class=\"wpcf7-list-item-label\">Reparatur-Historie (nur bei Gro\u00dfsch\u00e4den)<\/span><\/label><\/span><span class=\"wpcf7-list-item last\"><label><input type=\"checkbox\" name=\"cbox_Anlagen[]\" value=\"Kaufrechnung\" \/><span class=\"wpcf7-list-item-label\">Kaufrechnung<\/span><\/label><\/span><\/span><\/span>\n<\/p>\n<p><span class=\"wpcf7-form-control-wrap\" data-name=\"Notwendige_Dateien\"><input size=\"40\" class=\"wpcf7-form-control wpcf7-drag-n-drop-file d-none\" aria-invalid=\"false\" type=\"file\" multiple=\"multiple\" data-name=\"Notwendige_Dateien\" data-type=\"jpg|jpeg|pdf|png\" data-limit=\"8388608\" data-id=\"2404\" data-version=\"free version 1.3.9.6\" accept=\".jpg, .jpeg, .pdf, .png\" \/><\/span>\n<\/p>\n<p><span class=\"wpcf7-form-control-wrap\" data-name=\"dataprivacy\"><span class=\"wpcf7-form-control wpcf7-checkbox wpcf7-validates-as-required\" id=\"b2g-custom-checkbox\"><span class=\"wpcf7-list-item first last\"><label><input type=\"checkbox\" name=\"dataprivacy[]\" value=\"Ich habe die Datenschutzerkl\u00e4rung zu Kenntnis genommen\" \/><span class=\"wpcf7-list-item-label\">Ich habe die Datenschutzerkl\u00e4rung zu Kenntnis genommen<\/span><\/label><\/span><\/span><\/span>\n<\/p>\n<p><input class=\"wpcf7-form-control wpcf7-submit has-spinner\" type=\"submit\" value=\"Senden\" \/>\n<\/p><div class=\"wpcf7-response-output\" aria-hidden=\"true\"><\/div>\n<\/form>\n<\/div>\n[\/vc_column][\/vc_row][vc_row][vc_column][vc_text_separator title=&#8220;Wer ist die IfKS-Group?&#8220; title_align=&#8220;separator_align_left&#8220;][vc_column_text]<strong>Wo liegt der Vorteil, den Schaden mit der IfKS-Group abzuwickeln?<br \/>\n<\/strong><\/p>\n<p>Durch die Spezialisierung der IfKS-Group erreichen wir eine optimale Schadenabwicklung, bei der unsere Fahrzeuge schnellstm\u00f6glich wieder einsatzbereit sind und uns der vollumf\u00e4ngliche Schadenersatz inkl. Ausfallschaden beweissicher fixiert wird.<\/p>\n<p>F\u00fcr R\u00fcckfragen steht die regionale Versicherungsabteilung als auch die <a href=\"https:\/\/ifks-group.de\/\" target=\"_blank\" rel=\"noopener noreferrer\">IfKS-Group.de<\/a> gerne zur Verf\u00fcgung.[\/vc_column_text][\/vc_column][\/vc_row]<\/p>\n<\/div>","protected":false},"excerpt":{"rendered":"<p>[vc_row bg_parallax=&#8220;off&#8220; css=&#8220;.vc_custom_1591691598414{margin-top: 0px !important;padding-top: px !important;}&#8220;][vc_column width=&#8220;2\/3&#8243;][vc_column_text]1. Schaden-Daten, soweit vorhanden, unten eingeben und absenden. 2. Umgehend meldet sich ein pers\u00f6nlicher Ansprechpartner f\u00fcr Remondis von der IfKS, unserem Partner f\u00fcr Profi-Gutachten, zur Absprache des Vorgehens. 3. Die IfKS k\u00fcmmert sich um das Gutachten und auf Wunsch auch um die Reparatur-Organisation. Zudem ist die IfKS in [&hellip;]<\/p>\n","protected":false},"author":8,"featured_media":0,"parent":0,"menu_order":0,"comment_status":"closed","ping_status":"closed","template":"","meta":{"footnotes":""},"class_list":["post-2080","page","type-page","status-publish","hentry"],"yoast_head":"<!-- This site is optimized with the Yoast SEO plugin v27.3 - https:\/\/yoast.com\/product\/yoast-seo-wordpress\/ -->\n<title>Remondis | Schaden melden<\/title>\n<meta name=\"description\" content=\"Sie m\u00f6chten einen Schaden an Ihrem Remondis-Nutzfahrzeug melden? Laden Sie alle ben\u00f6tigen Unterlagen per Webformular hoch oder kontaktieren uns.\" \/>\n<meta name=\"robots\" content=\"noindex, follow, max-snippet:-1, max-image-preview:large, max-video-preview:-1\" \/>\n<meta property=\"og:locale\" content=\"de_DE\" \/>\n<meta property=\"og:type\" content=\"article\" \/>\n<meta property=\"og:title\" content=\"Remondis | Schaden melden\" \/>\n<meta property=\"og:description\" content=\"Sie m\u00f6chten einen Schaden an Ihrem Remondis-Nutzfahrzeug melden? Laden Sie alle ben\u00f6tigen Unterlagen per Webformular hoch oder kontaktieren uns.\" \/>\n<meta property=\"og:url\" content=\"https:\/\/adams-marketing.com\/_kunden\/remondis\/\" \/>\n<meta property=\"article:modified_time\" content=\"2024-01-15T14:40:11+00:00\" \/>\n<meta name=\"twitter:card\" content=\"summary_large_image\" \/>\n<meta name=\"twitter:label1\" content=\"Gesch\u00e4tzte Lesezeit\" \/>\n\t<meta name=\"twitter:data1\" content=\"1\u00a0Minute\" \/>\n<script type=\"application\/ld+json\" class=\"yoast-schema-graph\">{\"@context\":\"https:\\\/\\\/schema.org\",\"@graph\":[{\"@type\":\"WebPage\",\"@id\":\"https:\\\/\\\/adams-marketing.com\\\/_kunden\\\/remondis\\\/\",\"url\":\"https:\\\/\\\/adams-marketing.com\\\/_kunden\\\/remondis\\\/\",\"name\":\"Remondis | Schaden melden\",\"isPartOf\":{\"@id\":\"https:\\\/\\\/adams-marketing.com\\\/_kunden\\\/remondis\\\/#website\"},\"datePublished\":\"2020-06-07T09:18:15+00:00\",\"dateModified\":\"2024-01-15T14:40:11+00:00\",\"description\":\"Sie m\u00f6chten einen Schaden an Ihrem Remondis-Nutzfahrzeug melden? Laden Sie alle ben\u00f6tigen Unterlagen per Webformular hoch oder kontaktieren uns.\",\"breadcrumb\":{\"@id\":\"https:\\\/\\\/adams-marketing.com\\\/_kunden\\\/remondis\\\/#breadcrumb\"},\"inLanguage\":\"de\",\"potentialAction\":[{\"@type\":\"ReadAction\",\"target\":[\"https:\\\/\\\/adams-marketing.com\\\/_kunden\\\/remondis\\\/\"]}]},{\"@type\":\"BreadcrumbList\",\"@id\":\"https:\\\/\\\/adams-marketing.com\\\/_kunden\\\/remondis\\\/#breadcrumb\",\"itemListElement\":[{\"@type\":\"ListItem\",\"position\":1,\"name\":\"Startseite\",\"item\":\"https:\\\/\\\/adams-marketing.com\\\/_kunden\\\/remondis\\\/\"},{\"@type\":\"ListItem\",\"position\":2,\"name\":\"Schaden melden\"}]},{\"@type\":\"WebSite\",\"@id\":\"https:\\\/\\\/adams-marketing.com\\\/_kunden\\\/remondis\\\/#website\",\"url\":\"https:\\\/\\\/adams-marketing.com\\\/_kunden\\\/remondis\\\/\",\"name\":\"\",\"description\":\"\",\"potentialAction\":[{\"@type\":\"SearchAction\",\"target\":{\"@type\":\"EntryPoint\",\"urlTemplate\":\"https:\\\/\\\/adams-marketing.com\\\/_kunden\\\/remondis\\\/?s={search_term_string}\"},\"query-input\":{\"@type\":\"PropertyValueSpecification\",\"valueRequired\":true,\"valueName\":\"search_term_string\"}}],\"inLanguage\":\"de\"}]}<\/script>\n<!-- \/ Yoast SEO plugin. -->","yoast_head_json":{"title":"Remondis | Schaden melden","description":"Sie m\u00f6chten einen Schaden an Ihrem Remondis-Nutzfahrzeug melden? Laden Sie alle ben\u00f6tigen Unterlagen per Webformular hoch oder kontaktieren uns.","robots":{"index":"noindex","follow":"follow","max-snippet":"max-snippet:-1","max-image-preview":"max-image-preview:large","max-video-preview":"max-video-preview:-1"},"og_locale":"de_DE","og_type":"article","og_title":"Remondis | Schaden melden","og_description":"Sie m\u00f6chten einen Schaden an Ihrem Remondis-Nutzfahrzeug melden? Laden Sie alle ben\u00f6tigen Unterlagen per Webformular hoch oder kontaktieren uns.","og_url":"https:\/\/adams-marketing.com\/_kunden\/remondis\/","article_modified_time":"2024-01-15T14:40:11+00:00","twitter_card":"summary_large_image","twitter_misc":{"Gesch\u00e4tzte Lesezeit":"1\u00a0Minute"},"schema":{"@context":"https:\/\/schema.org","@graph":[{"@type":"WebPage","@id":"https:\/\/adams-marketing.com\/_kunden\/remondis\/","url":"https:\/\/adams-marketing.com\/_kunden\/remondis\/","name":"Remondis | Schaden melden","isPartOf":{"@id":"https:\/\/adams-marketing.com\/_kunden\/remondis\/#website"},"datePublished":"2020-06-07T09:18:15+00:00","dateModified":"2024-01-15T14:40:11+00:00","description":"Sie m\u00f6chten einen Schaden an Ihrem Remondis-Nutzfahrzeug melden? Laden Sie alle ben\u00f6tigen Unterlagen per Webformular hoch oder kontaktieren uns.","breadcrumb":{"@id":"https:\/\/adams-marketing.com\/_kunden\/remondis\/#breadcrumb"},"inLanguage":"de","potentialAction":[{"@type":"ReadAction","target":["https:\/\/adams-marketing.com\/_kunden\/remondis\/"]}]},{"@type":"BreadcrumbList","@id":"https:\/\/adams-marketing.com\/_kunden\/remondis\/#breadcrumb","itemListElement":[{"@type":"ListItem","position":1,"name":"Startseite","item":"https:\/\/adams-marketing.com\/_kunden\/remondis\/"},{"@type":"ListItem","position":2,"name":"Schaden melden"}]},{"@type":"WebSite","@id":"https:\/\/adams-marketing.com\/_kunden\/remondis\/#website","url":"https:\/\/adams-marketing.com\/_kunden\/remondis\/","name":"","description":"","potentialAction":[{"@type":"SearchAction","target":{"@type":"EntryPoint","urlTemplate":"https:\/\/adams-marketing.com\/_kunden\/remondis\/?s={search_term_string}"},"query-input":{"@type":"PropertyValueSpecification","valueRequired":true,"valueName":"search_term_string"}}],"inLanguage":"de"}]}},"_links":{"self":[{"href":"https:\/\/adams-marketing.com\/_kunden\/remondis\/wp-json\/wp\/v2\/pages\/2080","targetHints":{"allow":["GET"]}}],"collection":[{"href":"https:\/\/adams-marketing.com\/_kunden\/remondis\/wp-json\/wp\/v2\/pages"}],"about":[{"href":"https:\/\/adams-marketing.com\/_kunden\/remondis\/wp-json\/wp\/v2\/types\/page"}],"author":[{"embeddable":true,"href":"https:\/\/adams-marketing.com\/_kunden\/remondis\/wp-json\/wp\/v2\/users\/8"}],"replies":[{"embeddable":true,"href":"https:\/\/adams-marketing.com\/_kunden\/remondis\/wp-json\/wp\/v2\/comments?post=2080"}],"version-history":[{"count":63,"href":"https:\/\/adams-marketing.com\/_kunden\/remondis\/wp-json\/wp\/v2\/pages\/2080\/revisions"}],"predecessor-version":[{"id":2568,"href":"https:\/\/adams-marketing.com\/_kunden\/remondis\/wp-json\/wp\/v2\/pages\/2080\/revisions\/2568"}],"wp:attachment":[{"href":"https:\/\/adams-marketing.com\/_kunden\/remondis\/wp-json\/wp\/v2\/media?parent=2080"}],"curies":[{"name":"wp","href":"https:\/\/api.w.org\/{rel}","templated":true}]}}